{"id":228,"date":"2025-05-09T22:50:55","date_gmt":"2025-05-09T20:50:55","guid":{"rendered":"https:\/\/sundgadmin.fr\/index.php\/about\/"},"modified":"2025-05-19T15:05:01","modified_gmt":"2025-05-19T13:05:01","slug":"qui-suis-je","status":"publish","type":"page","link":"https:\/\/sundgadmin.fr\/index.php\/qui-suis-je\/","title":{"rendered":"Qui suis-je ?"},"content":{"rendered":"\n<div class=\"section-wrapper\" data-id=\"zJmM7P\"><section class=\"wp-block-gutenverse-section guten-element guten-section guten-zJmM7P layout-boxed align-stretch\"><div class=\"guten-container guten-column-gap-no\">\n<div class=\"wp-block-gutenverse-column guten-element guten-column guten-KgTIrK\" id=\"effectiv-header\"><div class=\"guten-column-wrapper\" data-id=\"KgTIrK\">\n<div class=\"wp-block-gutenverse-image guten-element guten-image guten-uDUJdv\"><div class=\"guten-image-wrapper\"><img loading=\"lazy\" decoding=\"async\" class=\"gutenverse-image-box-filled\" src=\"https:\/\/sundgadmin.fr\/wp-content\/uploads\/2025\/05\/logo_sundgadmin_h.png\" height=\"88\" width=\"539\"\/><\/div><\/div>\n<\/div><\/div>\n\n\n\n<div class=\"wp-block-gutenverse-column guten-element guten-column guten-MSRjr6\"><div class=\"guten-column-wrapper\" data-id=\"MSRjr6\"><div id=\"guten-AxhaY7\" class=\"guten-element guten-nav-menu nav-menu break-point-tablet submenu-click-title \" data-item-indicator=\"gtn gtn-down-arrow1-light\" data-close-on-click=\"1\">\n\t\t\t<div class=\"gutenverse-hamburger-wrapper\">\n\t\t\t\t<button class=\"gutenverse-hamburger-menu\">\n\t\t\t\t\t<i aria-hidden=\"true\" class=\"fas fa-bars\"><\/i>\n\t\t\t\t<\/button>\n\t\t\t<\/div>\n\t\t\t\n\t\t\t<div class=\"gutenverse-menu-wrapper\"><div class=\"gutenverse-menu-container\"><ul id=\"menu-effectiv-1\" class=\"gutenverse-menu\"><li id=\"menu-item-247\" class=\"menu-item menu-item-type-custom menu-item-object-custom menu-item-home menu-item-247\"><a href=\"javascript:void(0);\" data-href=\"https:\/\/sundgadmin.fr\/\">Accueil<\/a><\/li>\n<li id=\"menu-item-324\" class=\"menu-item menu-item-type-custom menu-item-object-custom menu-item-has-children menu-item-324\"><a href=\"javascript:void(0);\" data-href=\"#\">Services<\/a>\n<ul class=\"sub-menu\">\n\t<li id=\"menu-item-323\" class=\"menu-item menu-item-type-post_type menu-item-object-page menu-item-323\"><a href=\"javascript:void(0);\" data-href=\"https:\/\/sundgadmin.fr\/index.php\/professionnels\/\">Services aux Professionnels<\/a><\/li>\n\t<li id=\"menu-item-322\" class=\"menu-item menu-item-type-post_type menu-item-object-page menu-item-322\"><a href=\"javascript:void(0);\" data-href=\"https:\/\/sundgadmin.fr\/index.php\/particuliers\/\">Services aux Particuliers<\/a><\/li>\n<\/ul>\n<\/li>\n<li id=\"menu-item-379\" class=\"menu-item menu-item-type-post_type menu-item-object-page menu-item-379\"><a href=\"javascript:void(0);\" data-href=\"https:\/\/sundgadmin.fr\/index.php\/qui-suis-je\/\">Qui suis-je ?<\/a><\/li>\n<li id=\"menu-item-380\" class=\"menu-item menu-item-type-post_type menu-item-object-page menu-item-380\"><a href=\"javascript:void(0);\" data-href=\"https:\/\/sundgadmin.fr\/index.php\/contact\/\">Me contacter<\/a><\/li>\n<\/ul><\/div>\n\t\t\t\t<div>\n\t\t\t\t\t<div class=\"gutenverse-nav-identity-panel\">\n\t\t\t\t\t\t<div class=\"gutenverse-nav-site-title\">\n\t\t\t\t\t\t\t<a href=\"https:\/\/sundgadmin.fr\" class=\"gutenverse-nav-logo\"><img decoding=\"async\" src=\"https:\/\/sundgadmin.fr\/wp-content\/uploads\/2025\/05\/effectiv-logo.webp\" alt=\"Sundg\u2019Admin | Assistante administrative ind\u00e9pendante - Simplifiez vos d\u00e9marches, gagnez en temps et s\u00e9r\u00e9nit\u00e9\"><\/a>\n\t\t\t\t\t\t<\/div>\n\t\t\t\t\t\t<button class=\"gutenverse-close-menu\"><i aria-hidden=\"true\" class=\"fas fa-times\"><\/i><\/button>\n\t\t\t\t\t<\/div>\n\t\t\t\t<\/div>\n\t\t\t<\/div>\n\t\t<\/div><\/div><\/div>\n\n\n\n<div class=\"wp-block-gutenverse-column guten-element guten-column guten-JhXYES hide-tablet hide-mobile\"><div class=\"guten-column-wrapper\" data-id=\"JhXYES\">\n<div class=\"guten-element guten-button-wrapper guten-aACOq5\"><a class=\"guten-button guten-button-sm\" href=\"https:\/\/sundgadmin.fr\/index.php\/contact\/\"><span>Devis Gratuit<\/span><\/a><\/div>\n<\/div><\/div>\n<\/div><\/section><\/div>\n\n\n\n<div class=\"guten-element guten-wrap-helper no-margin guten-tsdC3Q flex\"><div class=\"guten-background-overlay\"><\/div><div class=\"guten-inner-wrap\" data-id=\"tsdC3Q\">\n<div class=\"section-wrapper\" data-id=\"MSeAJ8\"><section class=\"wp-block-gutenverse-section guten-element guten-section guten-MSeAJ8 layout-boxed align-stretch overflow-hidden\"><div class=\"guten-container guten-column-gap-no\">\n<div class=\"wp-block-gutenverse-column guten-element guten-column guten-pvKYWh\"><div class=\"guten-column-wrapper\" data-id=\"pvKYWh\">\n<div class=\"guten-element guten-spacer guten-vpsNu4\"><\/div>\n<\/div><\/div>\n\n\n\n<div class=\"wp-block-gutenverse-column guten-element guten-column guten-GeYELE\"><div class=\"guten-column-wrapper\" data-id=\"GeYELE\">\n<div class=\"wp-block-gutenverse-image guten-element guten-image guten-DaKyKI\"><div class=\"guten-image-wrapper\"><img loading=\"lazy\" decoding=\"async\" class=\"gutenverse-image-box-filled\" src=\"https:\/\/sundgadmin.fr\/wp-content\/uploads\/2025\/05\/coquelicot1.png\" height=\"64\" width=\"64\"\/><\/div><\/div>\n\n\n\n<h1 class=\"wp-block-gutenverse-heading guten-element guten-jAylSi\">Qui suis-je ?<\/h1>\n\n\n\n<div class=\"guten-element gutenverse-text-editor guten-ta8lP3\"><div class=\"text-content-inner\">\n<p><strong>Je suis Christel Balga<\/strong>, une professionnelle passionn\u00e9e par l\u2019accompagnement administratif et comptable.<br><\/p>\n\n\n\n<p>Depuis plus de <strong>20 ans<\/strong>, j\u2019\u00e9volue dans ce domaine avec engagement et rigueur, notamment dans le secteur du b\u00e2timent, o\u00f9 j\u2019ai accompagn\u00e9 de nombreuses entreprises dans leur gestion comptable et administrative.<\/p>\n\n\n\n<p><br>Mon exp\u00e9rience au sein de <strong>PME, cabinets comptables et associations<\/strong> m\u2019a permis de d\u00e9velopper une expertise pointue et une parfaite connaissance des d\u00e9fis sp\u00e9cifiques aux <strong>artisans et entrepreneurs du BTP<\/strong>.<br><\/p>\n\n\n\n<p>Forte de ce parcours riche, j\u2019ai d\u00e9cid\u00e9 de cr\u00e9er Sundg\u2019Admin pour mettre mes comp\u00e9tences au service des <strong>artisans, TPE et particuliers<\/strong>.<\/p>\n\n\n\n<p><br>Mon objectif ? <strong>Vous simplifier la gestion administrative et comptable<\/strong>, pour que vous puissiez vous concentrer sur l\u2019essentiel : votre m\u00e9tier.<br><\/p>\n\n\n\n<p>Mais au-del\u00e0 de l\u2019exp\u00e9rience professionnelle, il y a aussi mon histoire personnelle. <strong>Maman de trois enfants neuroatypiques (TSA, TDA)<\/strong>, j\u2019ai appris \u00e0 jongler entre rigueur et adaptabilit\u00e9, patience et r\u00e9activit\u00e9. <br>Je sais combien les d\u00e9marches administratives peuvent \u00eatre un casse-t\u00eate, surtout quand on doit g\u00e9rer un quotidien d\u00e9j\u00e0 bien charg\u00e9. <br><br>C\u2019est pourquoi j\u2019ai \u00e0 c\u0153ur d\u2019accompagner toutes celles et ceux qui ressentent le besoin d\u2019un soutien bienveillant et efficace.<\/p>\n<\/div><\/div>\n<\/div><\/div>\n<\/div><\/section><\/div>\n<\/div><\/div>\n\n\n\n<div class=\"guten-element guten-wrap-helper no-margin guten-wI8HVJ flex\"><div class=\"guten-background-overlay\"><\/div><div class=\"guten-inner-wrap\" data-id=\"wI8HVJ\">\n<div class=\"section-wrapper\" data-id=\"TCBTyS\"><section class=\"wp-block-gutenverse-section guten-element guten-section guten-TCBTyS layout-boxed align-stretch\"><div class=\"guten-container guten-column-gap-no\">\n<div class=\"wp-block-gutenverse-column guten-element guten-column guten-eysdPF\"><div class=\"guten-column-wrapper\" data-id=\"eysdPF\">\n<div class=\"section-wrapper\" data-id=\"FqbHnl\"><section class=\"wp-block-gutenverse-section guten-element guten-section guten-FqbHnl layout-fullwidth align-stretch\"><div class=\"guten-container guten-column-gap-no\">\n<div class=\"wp-block-gutenverse-column guten-element guten-column guten-8o0S1j\"><div class=\"guten-column-wrapper\" data-id=\"8o0S1j\">\n<h2 class=\"wp-block-gutenverse-heading guten-element guten-8TTvAV\">Sundg\u2019Admin <br>Proximit\u00e9 &#8211; Fiabilit\u00e9 &#8211; Tranquillit\u00e9<\/h2>\n\n\n\n<div class=\"guten-element gutenverse-text-editor guten-8oXt8u\"><div class=\"text-content-inner\">\n<p>Que vous soyez professionnel ou particulier, je vous propose un accompagnement sur-mesure, ponctuel ou r\u00e9gulier, en pr\u00e9sentiel* ou \u00e0 distance.<\/p>\n\n\n\n<p><em>*Sundgau et agglom\u00e9ration de Mulhouse<\/em><\/p>\n<\/div><\/div>\n\n\n\n<div class=\"guten-element guten-button-wrapper guten-AgG6HL\"><a class=\"guten-button guten-button-sm\" href=\"https:\/\/sundgadmin.fr\/index.php\/contact\/\"><span>Prendre rendez-vous<\/span><\/a><\/div>\n<\/div><\/div>\n<\/div><\/section><\/div>\n<\/div><\/div>\n\n\n\n<div class=\"wp-block-gutenverse-column guten-element guten-column guten-kgVygZ\"><div class=\"guten-column-wrapper\" data-id=\"kgVygZ\">\n<div class=\"wp-block-gutenverse-image guten-element guten-image guten-NbBtQg\"><div class=\"guten-image-wrapper\"><img loading=\"lazy\" decoding=\"async\" class=\"gutenverse-image-box-filled\" src=\"https:\/\/sundgadmin.fr\/wp-content\/uploads\/2025\/05\/christel_dessin.png\" height=\"650\" width=\"512\"\/><\/div><\/div>\n<\/div><\/div>\n<\/div><\/section><\/div>\n<\/div><\/div>\n\n\n\n<div class=\"section-wrapper\" data-id=\"Bkz1gE\"><section class=\"wp-block-gutenverse-section guten-element guten-section guten-Bkz1gE layout-boxed align-stretch\"><div class=\"guten-container guten-column-gap-no\">\n<div class=\"wp-block-gutenverse-column guten-element guten-column guten-Ln5cCj\"><div class=\"guten-column-wrapper\" data-id=\"Ln5cCj\">\n<div class=\"section-wrapper\" data-id=\"GA8FVY\"><section class=\"wp-block-gutenverse-section guten-element guten-section guten-GA8FVY layout-fullwidth align-stretch\"><div class=\"guten-container guten-column-gap-no\">\n<div class=\"wp-block-gutenverse-column guten-element guten-column guten-I7seZm\"><div class=\"guten-column-wrapper\" data-id=\"I7seZm\">\n<div class=\"wp-block-gutenverse-image guten-element guten-image guten-6LBAod\"><div class=\"guten-image-wrapper\"><img loading=\"lazy\" decoding=\"async\" class=\"gutenverse-image-box-filled\" src=\"https:\/\/sundgadmin.fr\/wp-content\/uploads\/2025\/05\/logo_sundgadmin_fw.png\" height=\"340\" width=\"463\"\/><\/div><\/div>\n\n\n\n<div class=\"section-wrapper\" data-id=\"b8Iy0Z\"><section class=\"wp-block-gutenverse-section guten-element guten-section guten-b8Iy0Z hide-tablet hide-mobile layout-fullwidth align-stretch\"><div class=\"guten-container guten-column-gap-no\">\n<div class=\"wp-block-gutenverse-column guten-element guten-column guten-pvMvM9\"><div class=\"guten-column-wrapper\" data-id=\"pvMvM9\">\n<h3 class=\"wp-block-gutenverse-heading guten-element guten-hMGSr1\">Christel Balga<br>3 rue de Chamonix, 68720 Zillisheim<\/h3>\n<\/div><\/div>\n<\/div><\/section><\/div>\n<\/div><\/div>\n\n\n\n<div class=\"wp-block-gutenverse-column guten-element guten-column guten-xpx6ZQ\"><div class=\"guten-column-wrapper\" data-id=\"xpx6ZQ\">\n<h1 class=\"wp-block-gutenverse-heading guten-element guten-WHps0U\">Sundg&rsquo;Admin | Assistance administrative<\/h1>\n\n\n\n<div class=\"section-wrapper\" data-id=\"XQmCdA\"><section class=\"wp-block-gutenverse-section guten-element guten-section guten-XQmCdA layout-fullwidth align-stretch\"><div class=\"guten-container guten-column-gap-no\">\n<div class=\"wp-block-gutenverse-column guten-element guten-column guten-mZjqxM\"><div class=\"guten-column-wrapper\" data-id=\"mZjqxM\">\n<h3 class=\"wp-block-gutenverse-heading guten-element guten-aU3Bzr\">Services<\/h3>\n\n\n\n<div class=\"guten-element guten-icon-list guten-DdRGEB\"><div class=\" list-wrapper \">\n<div class=\"guten-element guten-icon-list-item guten-dCrfMw\"><div class=\"list-divider\"><\/div><a id=\"guten-dCrfMw\" href=\"https:\/\/sundgadmin.fr\/index.php\/professionnels\/\"><span class=\"list-text no-icon\">Professionnels<\/span><\/a><\/div>\n\n\n\n<div class=\"guten-element guten-icon-list-item guten-7asuma\"><div class=\"list-divider\"><\/div><a id=\"guten-7asuma\" href=\"https:\/\/sundgadmin.fr\/index.php\/particuliers\/\"><span class=\"list-text no-icon\">Particuliers<\/span><\/a><\/div>\n<\/div><\/div>\n<\/div><\/div>\n\n\n\n<div class=\"wp-block-gutenverse-column guten-element guten-column guten-jQiNoC\"><div class=\"guten-column-wrapper\" data-id=\"jQiNoC\">\n<h3 class=\"wp-block-gutenverse-heading guten-element guten-rZUOEv\">En savoir plus<\/h3>\n\n\n\n<div class=\"guten-element guten-icon-list guten-cu2rFA\"><div class=\" list-wrapper \">\n<div class=\"guten-element guten-icon-list-item guten-Xo5OmT\"><div class=\"list-divider\"><\/div><a id=\"guten-Xo5OmT\" href=\"https:\/\/sundgadmin.fr\/index.php\/qui-suis-je\/\"><span class=\"list-text no-icon\">Qui suis-je ?<\/span><\/a><\/div>\n\n\n\n<div class=\"guten-element guten-icon-list-item guten-YYhoSC\"><div class=\"list-divider\"><\/div><a id=\"guten-YYhoSC\" href=\"https:\/\/sundgadmin.fr\/index.php\/contact\/\"><span class=\"list-text no-icon\">Me contacter<\/span><\/a><\/div>\n<\/div><\/div>\n<\/div><\/div>\n<\/div><\/section><\/div>\n<\/div><\/div>\n<\/div><\/section><\/div>\n<\/div><\/div>\n<\/div><\/section><\/div>\n\n\n\n<div class=\"section-wrapper\" data-id=\"UJpjEl\"><section class=\"wp-block-gutenverse-section guten-element guten-section guten-UJpjEl layout-fullwidth align-stretch\"><div class=\"guten-container guten-column-gap-no\">\n<div class=\"wp-block-gutenverse-column guten-element guten-column guten-ns2Fqa\"><div class=\"guten-column-wrapper\" data-id=\"ns2Fqa\">\n<div class=\"wp-block-gutenverse-icon guten-element guten-NZkHKf guten-icon\"><a class=\"guten-icon-wrapper circle stacked\" href=\"#effectiv-header\"><i class=\"fas fa-arrow-up\"><\/i><\/a><\/div>\n\n\n\n<div class=\"section-wrapper\" data-id=\"G3oqER\"><section class=\"wp-block-gutenverse-section guten-element guten-section guten-G3oqER layout-boxed align-stretch\"><div class=\"guten-container guten-column-gap-no\">\n<div class=\"wp-block-gutenverse-column guten-element guten-column guten-7qiuvR\"><div class=\"guten-column-wrapper\" data-id=\"7qiuvR\">\n<p aria-label=\"Text Paragraph\" class=\"guten-element gutenverse-text guten-Hv9VIN\">Copyright \u00a9 2025 Sundg&rsquo;Admin | Christel Balga | Assistance administrative<\/p>\n<\/div><\/div>\n<\/div><\/section><\/div>\n<\/div><\/div>\n<\/div><\/section><\/div>\n","protected":false},"excerpt":{"rendered":"","protected":false},"author":3,"featured_media":282,"parent":0,"menu_order":0,"comment_status":"closed","ping_status":"closed","template":"blank-canvas","meta":{"footnotes":""},"class_list":["post-228","page","type-page","status-publish","has-post-thumbnail","hentry"],"yoast_head":"<!-- This site is optimized with the Yoast SEO plugin v25.1 - https:\/\/yoast.com\/wordpress\/plugins\/seo\/ -->\n<title>Gestion administrative \u00e0 Mulhouse et Sundgau<\/title>\n<meta name=\"description\" content=\"D\u00e9couvrez Christel Balga, professionnelle passionn\u00e9e avec plus de 20 ans d\u2019exp\u00e9rience en gestion administrative.\" \/>\n<meta name=\"robots\" content=\"index, follow, max-snippet:-1, max-image-preview:large, max-video-preview:-1\" \/>\n<link rel=\"canonical\" href=\"https:\/\/sundgadmin.fr\/index.php\/qui-suis-je\/\" \/>\n<meta property=\"og:locale\" content=\"fr_FR\" \/>\n<meta property=\"og:type\" content=\"article\" \/>\n<meta property=\"og:title\" content=\"Gestion administrative \u00e0 Mulhouse et Sundgau\" \/>\n<meta property=\"og:description\" content=\"D\u00e9couvrez Christel Balga, professionnelle passionn\u00e9e avec plus de 20 ans d\u2019exp\u00e9rience en gestion administrative.\" \/>\n<meta property=\"og:url\" content=\"https:\/\/sundgadmin.fr\/index.php\/qui-suis-je\/\" \/>\n<meta property=\"og:site_name\" content=\"Sundg\u2019Admin | Assistante administrative ind\u00e9pendante\" \/>\n<meta property=\"article:modified_time\" content=\"2025-05-19T13:05:01+00:00\" \/>\n<meta property=\"og:image\" content=\"https:\/\/sundgadmin.fr\/wp-content\/uploads\/2025\/05\/logo_sundgadmin_f.png\" \/>\n\t<meta property=\"og:image:width\" content=\"463\" \/>\n\t<meta property=\"og:image:height\" content=\"340\" \/>\n\t<meta property=\"og:image:type\" content=\"image\/png\" \/>\n<meta name=\"twitter:card\" content=\"summary_large_image\" \/>\n<meta name=\"twitter:label1\" content=\"Dur\u00e9e de lecture estim\u00e9e\" \/>\n\t<meta name=\"twitter:data1\" content=\"2 minutes\" \/>\n<script type=\"application\/ld+json\" class=\"yoast-schema-graph\">{\"@context\":\"https:\/\/schema.org\",\"@graph\":[{\"@type\":\"WebPage\",\"@id\":\"https:\/\/sundgadmin.fr\/index.php\/qui-suis-je\/\",\"url\":\"https:\/\/sundgadmin.fr\/index.php\/qui-suis-je\/\",\"name\":\"Gestion administrative \u00e0 Mulhouse et Sundgau\",\"isPartOf\":{\"@id\":\"https:\/\/sundgadmin.fr\/#website\"},\"primaryImageOfPage\":{\"@id\":\"https:\/\/sundgadmin.fr\/index.php\/qui-suis-je\/#primaryimage\"},\"image\":{\"@id\":\"https:\/\/sundgadmin.fr\/index.php\/qui-suis-je\/#primaryimage\"},\"thumbnailUrl\":\"https:\/\/sundgadmin.fr\/wp-content\/uploads\/2025\/05\/logo_sundgadmin_f.png\",\"datePublished\":\"2025-05-09T20:50:55+00:00\",\"dateModified\":\"2025-05-19T13:05:01+00:00\",\"description\":\"D\u00e9couvrez Christel Balga, professionnelle passionn\u00e9e avec plus de 20 ans d\u2019exp\u00e9rience en gestion administrative.\",\"breadcrumb\":{\"@id\":\"https:\/\/sundgadmin.fr\/index.php\/qui-suis-je\/#breadcrumb\"},\"inLanguage\":\"fr-FR\",\"potentialAction\":[{\"@type\":\"ReadAction\",\"target\":[\"https:\/\/sundgadmin.fr\/index.php\/qui-suis-je\/\"]}]},{\"@type\":\"ImageObject\",\"inLanguage\":\"fr-FR\",\"@id\":\"https:\/\/sundgadmin.fr\/index.php\/qui-suis-je\/#primaryimage\",\"url\":\"https:\/\/sundgadmin.fr\/wp-content\/uploads\/2025\/05\/logo_sundgadmin_f.png\",\"contentUrl\":\"https:\/\/sundgadmin.fr\/wp-content\/uploads\/2025\/05\/logo_sundgadmin_f.png\",\"width\":463,\"height\":340},{\"@type\":\"BreadcrumbList\",\"@id\":\"https:\/\/sundgadmin.fr\/index.php\/qui-suis-je\/#breadcrumb\",\"itemListElement\":[{\"@type\":\"ListItem\",\"position\":1,\"name\":\"Accueil\",\"item\":\"https:\/\/sundgadmin.fr\/\"},{\"@type\":\"ListItem\",\"position\":2,\"name\":\"Qui suis-je ?\"}]},{\"@type\":\"WebSite\",\"@id\":\"https:\/\/sundgadmin.fr\/#website\",\"url\":\"https:\/\/sundgadmin.fr\/\",\"name\":\"Sundg\u2019Admin | Assistante administrative ind\u00e9pendante\",\"description\":\"Simplifiez vos d\u00e9marches, gagnez en temps et s\u00e9r\u00e9nit\u00e9\",\"publisher\":{\"@id\":\"https:\/\/sundgadmin.fr\/#organization\"},\"potentialAction\":[{\"@type\":\"SearchAction\",\"target\":{\"@type\":\"EntryPoint\",\"urlTemplate\":\"https:\/\/sundgadmin.fr\/?s={search_term_string}\"},\"query-input\":{\"@type\":\"PropertyValueSpecification\",\"valueRequired\":true,\"valueName\":\"search_term_string\"}}],\"inLanguage\":\"fr-FR\"},{\"@type\":\"Organization\",\"@id\":\"https:\/\/sundgadmin.fr\/#organization\",\"name\":\"Sundg\u2019Admin | Assistante administrative ind\u00e9pendante\",\"url\":\"https:\/\/sundgadmin.fr\/\",\"logo\":{\"@type\":\"ImageObject\",\"inLanguage\":\"fr-FR\",\"@id\":\"https:\/\/sundgadmin.fr\/#\/schema\/logo\/image\/\",\"url\":\"https:\/\/sundgadmin.fr\/wp-content\/uploads\/2025\/05\/logo_sundgadmin_f.png\",\"contentUrl\":\"https:\/\/sundgadmin.fr\/wp-content\/uploads\/2025\/05\/logo_sundgadmin_f.png\",\"width\":463,\"height\":340,\"caption\":\"Sundg\u2019Admin | Assistante administrative ind\u00e9pendante\"},\"image\":{\"@id\":\"https:\/\/sundgadmin.fr\/#\/schema\/logo\/image\/\"}}]}<\/script>\n<!-- \/ Yoast SEO plugin. -->","yoast_head_json":{"title":"Gestion administrative \u00e0 Mulhouse et Sundgau","description":"D\u00e9couvrez Christel Balga, professionnelle passionn\u00e9e avec plus de 20 ans d\u2019exp\u00e9rience en gestion administrative.","robots":{"index":"index","follow":"follow","max-snippet":"max-snippet:-1","max-image-preview":"max-image-preview:large","max-video-preview":"max-video-preview:-1"},"canonical":"https:\/\/sundgadmin.fr\/index.php\/qui-suis-je\/","og_locale":"fr_FR","og_type":"article","og_title":"Gestion administrative \u00e0 Mulhouse et Sundgau","og_description":"D\u00e9couvrez Christel Balga, professionnelle passionn\u00e9e avec plus de 20 ans d\u2019exp\u00e9rience en gestion administrative.","og_url":"https:\/\/sundgadmin.fr\/index.php\/qui-suis-je\/","og_site_name":"Sundg\u2019Admin | Assistante administrative ind\u00e9pendante","article_modified_time":"2025-05-19T13:05:01+00:00","og_image":[{"width":463,"height":340,"url":"https:\/\/sundgadmin.fr\/wp-content\/uploads\/2025\/05\/logo_sundgadmin_f.png","type":"image\/png"}],"twitter_card":"summary_large_image","twitter_misc":{"Dur\u00e9e de lecture estim\u00e9e":"2 minutes"},"schema":{"@context":"https:\/\/schema.org","@graph":[{"@type":"WebPage","@id":"https:\/\/sundgadmin.fr\/index.php\/qui-suis-je\/","url":"https:\/\/sundgadmin.fr\/index.php\/qui-suis-je\/","name":"Gestion administrative \u00e0 Mulhouse et Sundgau","isPartOf":{"@id":"https:\/\/sundgadmin.fr\/#website"},"primaryImageOfPage":{"@id":"https:\/\/sundgadmin.fr\/index.php\/qui-suis-je\/#primaryimage"},"image":{"@id":"https:\/\/sundgadmin.fr\/index.php\/qui-suis-je\/#primaryimage"},"thumbnailUrl":"https:\/\/sundgadmin.fr\/wp-content\/uploads\/2025\/05\/logo_sundgadmin_f.png","datePublished":"2025-05-09T20:50:55+00:00","dateModified":"2025-05-19T13:05:01+00:00","description":"D\u00e9couvrez Christel Balga, professionnelle passionn\u00e9e avec plus de 20 ans d\u2019exp\u00e9rience en gestion administrative.","breadcrumb":{"@id":"https:\/\/sundgadmin.fr\/index.php\/qui-suis-je\/#breadcrumb"},"inLanguage":"fr-FR","potentialAction":[{"@type":"ReadAction","target":["https:\/\/sundgadmin.fr\/index.php\/qui-suis-je\/"]}]},{"@type":"ImageObject","inLanguage":"fr-FR","@id":"https:\/\/sundgadmin.fr\/index.php\/qui-suis-je\/#primaryimage","url":"https:\/\/sundgadmin.fr\/wp-content\/uploads\/2025\/05\/logo_sundgadmin_f.png","contentUrl":"https:\/\/sundgadmin.fr\/wp-content\/uploads\/2025\/05\/logo_sundgadmin_f.png","width":463,"height":340},{"@type":"BreadcrumbList","@id":"https:\/\/sundgadmin.fr\/index.php\/qui-suis-je\/#breadcrumb","itemListElement":[{"@type":"ListItem","position":1,"name":"Accueil","item":"https:\/\/sundgadmin.fr\/"},{"@type":"ListItem","position":2,"name":"Qui suis-je ?"}]},{"@type":"WebSite","@id":"https:\/\/sundgadmin.fr\/#website","url":"https:\/\/sundgadmin.fr\/","name":"Sundg\u2019Admin | Assistante administrative ind\u00e9pendante","description":"Simplifiez vos d\u00e9marches, gagnez en temps et s\u00e9r\u00e9nit\u00e9","publisher":{"@id":"https:\/\/sundgadmin.fr\/#organization"},"potentialAction":[{"@type":"SearchAction","target":{"@type":"EntryPoint","urlTemplate":"https:\/\/sundgadmin.fr\/?s={search_term_string}"},"query-input":{"@type":"PropertyValueSpecification","valueRequired":true,"valueName":"search_term_string"}}],"inLanguage":"fr-FR"},{"@type":"Organization","@id":"https:\/\/sundgadmin.fr\/#organization","name":"Sundg\u2019Admin | Assistante administrative ind\u00e9pendante","url":"https:\/\/sundgadmin.fr\/","logo":{"@type":"ImageObject","inLanguage":"fr-FR","@id":"https:\/\/sundgadmin.fr\/#\/schema\/logo\/image\/","url":"https:\/\/sundgadmin.fr\/wp-content\/uploads\/2025\/05\/logo_sundgadmin_f.png","contentUrl":"https:\/\/sundgadmin.fr\/wp-content\/uploads\/2025\/05\/logo_sundgadmin_f.png","width":463,"height":340,"caption":"Sundg\u2019Admin | Assistante administrative ind\u00e9pendante"},"image":{"@id":"https:\/\/sundgadmin.fr\/#\/schema\/logo\/image\/"}}]}},"_links":{"self":[{"href":"https:\/\/sundgadmin.fr\/index.php\/wp-json\/wp\/v2\/pages\/228","targetHints":{"allow":["GET"]}}],"collection":[{"href":"https:\/\/sundgadmin.fr\/index.php\/wp-json\/wp\/v2\/pages"}],"about":[{"href":"https:\/\/sundgadmin.fr\/index.php\/wp-json\/wp\/v2\/types\/page"}],"author":[{"embeddable":true,"href":"https:\/\/sundgadmin.fr\/index.php\/wp-json\/wp\/v2\/users\/3"}],"replies":[{"embeddable":true,"href":"https:\/\/sundgadmin.fr\/index.php\/wp-json\/wp\/v2\/comments?post=228"}],"version-history":[{"count":8,"href":"https:\/\/sundgadmin.fr\/index.php\/wp-json\/wp\/v2\/pages\/228\/revisions"}],"predecessor-version":[{"id":372,"href":"https:\/\/sundgadmin.fr\/index.php\/wp-json\/wp\/v2\/pages\/228\/revisions\/372"}],"wp:featuredmedia":[{"embeddable":true,"href":"https:\/\/sundgadmin.fr\/index.php\/wp-json\/wp\/v2\/media\/282"}],"wp:attachment":[{"href":"https:\/\/sundgadmin.fr\/index.php\/wp-json\/wp\/v2\/media?parent=228"}],"curies":[{"name":"wp","href":"https:\/\/api.w.org\/{rel}","templated":true}]}}